{"id":7,"date":"2013-11-12T11:37:35","date_gmt":"2013-11-12T11:37:35","guid":{"rendered":"http:\/\/granauit.dk\/?page_id=7"},"modified":"2020-12-11T08:57:39","modified_gmt":"2020-12-11T08:57:39","slug":"medier-og-link","status":"publish","type":"page","link":"https:\/\/granauit.dk\/?page_id=7","title":{"rendered":"Medier og links"},"content":{"rendered":"<p><span style=\"text-decoration: underline;\">Linkedin Profiler:<\/span><\/p>\n<p><strong><a href=\"http:\/\/www.linkedin.com\/pub\/henrik-granau\/2\/9b2\/930\">Henrik Granau<\/a><\/strong><\/p>\n<p><strong><a href=\"http:\/\/www.linkedin.com\/pub\/marianne-granau\/8\/a53\/99\">Marianne Granau<\/a><\/strong><\/p>\n<p>&nbsp;<\/p>\n<p>Granau IT driver sekretariatet for <strong><a href=\"http:\/\/aimdenmark.dk\/\">AIM Denmark<\/a><\/strong>.<\/p>\n<p>Henrik Granau er stifter af og driver sekretariatet for RFID i Danmark:\u00a0<strong><a href=\"http:\/\/www.rfididk.org\">www.rfididk.org<\/a><\/strong><\/p>\n<p style=\"text-align: left;\">Henrik Granau var medstifter af det europ\u00e6iske RACE-netv\u00e6rk, og det efterf\u00f8lgende RFID in Europe.<\/p>\n<p>Henrik Granau er bestyrelsesformand for foreningen af danske IT-direkt\u00f8rer, DIAG:<strong> <a href=\"http:\/\/www.diag.dk\/\">www.diag.dk<\/a><\/strong><\/p>\n<p>Henrik Granau er vice chairman for AIM\u00a0Europe\u00a0<strong><a href=\"http:\/\/www.aimglobal.org\/?page=AIM_Europe\" target=\"_blank\">www.aimglobal.org\/?<wbr \/>page=AIM_Europe<\/a><\/strong><\/p>\n<p>Henrik Granau white paper <strong>\u201c<a href=\"http:\/\/granauit.dk\/wp-content\/uploads\/2013\/11\/Design-patterns-and-Business-Models-for-a-New-Generation-of-RFID-Solutions..pdf\">Design patterns and Business Models for a New Generation of RFID Solutions<\/a>\u201d<\/strong>.<\/p>\n<p>Henrik Granau tips &#8220;<strong><a href=\"http:\/\/granauit.dk\/wp-content\/uploads\/2017\/11\/Top-5-faldgruber-ved-RTLS-final.pdf\">Top-5 faldgruber ved planl\u00e6gningen af et RTLS initiativ<\/a><\/strong>&#8220;.<\/p>\n<p><strong><a href=\"https:\/\/soundcloud.com\/danskit\/rfid\">Lyt til DIT interview med Henrik Granau i podcast fra 15\/5-2019.<\/a><\/strong><\/p>\n<p><strong><a href=\"http:\/\/www.youtube.com\/watch?v=JzXZyTGFK3I\">Interview med Henrik Granau fra RFID i Danmark konference 2013 p\u00e5 Youtube <\/a><\/strong><\/p>\n<p><strong>Se Henrik Granau i <a href=\"https:\/\/www.youtube.com\/watch?v=BmhSKP2w9H0\">YouTube video fra The Smart Company p\u00e5 HI i 2019<\/a><\/strong><\/p>\n<p>Henrik Granau blog-indl\u00e6g p\u00e5 digitalt.biz:<\/p>\n<ul>\n<li><a href=\"https:\/\/www.digitalt.dk\/2019\/08\/21\/hvorfor-er-rfid-aldrig-blevet-rigtig-udbredt\/\">Hvorfor er RFID aldrig blevet udbredt?<\/a>\u00a0aug-19<\/li>\n<li><a href=\"https:\/\/www.digitalt.dk\/2019\/11\/12\/hvordan-digitaliserer-jeg-min-produktionsvirksomhed\/\">Hvordan digitaliserer jeg min produktionsvirksomhed?<\/a>\u00a0nov-19<\/li>\n<li><a href=\"https:\/\/www.digitalt.dk\/2020\/02\/27\/aidc-paa-danske-hospitaler-bruges-til-datafangst\/\">AIDC p\u00e5 danske hospitaler bruges til datafangst<\/a>\u00a0feb-20<\/li>\n<li><a href=\"https:\/\/www.digitalt.dk\/2020\/06\/05\/aidc-til-sporing-af-covid-19\/\">AIDC til sporing af covid-19<\/a> jun-20<\/li>\n<li><a href=\"https:\/\/www.digitalt.dk\/2020\/11\/03\/et-godt-datagrundlag-er-noedvendigt-for-at-skabe-vaerdi-med-digitaliseringen\/\" target=\"_blank\">Et godt datagrundlag er n\u00f8dvendigt for at skabe\u00a0v\u00e6rdi med digitaliseringen<\/a> nov-20<\/li>\n<\/ul>\n<p>Henrik Granau interviews I Supply Chain Magasinet:<\/p>\n<ul>\n<li><strong><a href=\"http:\/\/www.scm.dk\/%C3%B8get-produktinformation-udfordrer-supply-chain\">\u00d8get produktinformation udfordrer supply chains<\/a><\/strong><\/li>\n<li><strong><a href=\"http:\/\/www.scm.dk\/store-perspektiver-rfid\">Store perspektiver for RFID<\/a><\/strong><\/li>\n<li><strong><a href=\"http:\/\/www.scm.dk\/rfid-er-kommet-ud-af-startblokken\">RFID er kommet ud af startblokken<\/a><\/strong><\/li>\n<li><strong><a href=\"http:\/\/www.scm.dk\/fremtiden-rfid-afh%C3%A6nger-af-standardisering\">Fremtiden for RFID afh\u00e6nger af standardisering<\/a><\/strong><\/li>\n<li><strong><a href=\"http:\/\/www.scm.dk\/rfid-20-tags-skal-v%C3%A6re-computere\">RFID 2.0 tags skal v\u00e6re computere<\/a><\/strong><\/li>\n<li><\/li>\n<\/ul>\n","protected":false},"excerpt":{"rendered":"<p>Linkedin Profiler: Henrik Granau Marianne Granau &nbsp; Granau IT driver sekretariatet for AIM Denmark. Henrik Granau er stifter af og driver sekretariatet for RFID i Danmark:\u00a0www.rfididk.org Henrik Granau var medstifter af det europ\u00e6iske RACE-netv\u00e6rk, og det efterf\u00f8lgende RFID in Europe. Henrik Granau er bestyrelsesformand for foreningen af danske IT-direkt\u00f8rer, DIAG: www.diag.dk Henrik Granau er vice [&hellip;]<\/p>\n","protected":false},"author":2,"featured_media":0,"parent":0,"menu_order":0,"comment_status":"open","ping_status":"open","template":"","meta":{"footnotes":""},"_links":{"self":[{"href":"https:\/\/granauit.dk\/index.php?rest_route=\/wp\/v2\/pages\/7"}],"collection":[{"href":"https:\/\/granauit.dk\/index.php?rest_route=\/wp\/v2\/pages"}],"about":[{"href":"https:\/\/granauit.dk\/index.php?rest_route=\/wp\/v2\/types\/page"}],"author":[{"embeddable":true,"href":"https:\/\/granauit.dk\/index.php?rest_route=\/wp\/v2\/users\/2"}],"replies":[{"embeddable":true,"href":"https:\/\/granauit.dk\/index.php?rest_route=%2Fwp%2Fv2%2Fcomments&post=7"}],"version-history":[{"count":23,"href":"https:\/\/granauit.dk\/index.php?rest_route=\/wp\/v2\/pages\/7\/revisions"}],"predecessor-version":[{"id":185,"href":"https:\/\/granauit.dk\/index.php?rest_route=\/wp\/v2\/pages\/7\/revisions\/185"}],"wp:attachment":[{"href":"https:\/\/granauit.dk\/index.php?rest_route=%2Fwp%2Fv2%2Fmedia&parent=7"}],"curies":[{"name":"wp","href":"https:\/\/api.w.org\/{rel}","templated":true}]}}