{"id":41,"date":"2013-11-14T10:46:35","date_gmt":"2013-11-14T10:46:35","guid":{"rendered":"http:\/\/granauit.dk\/?page_id=41"},"modified":"2017-11-08T12:31:31","modified_gmt":"2017-11-08T12:31:31","slug":"rfid-og-rtls","status":"publish","type":"page","link":"https:\/\/granauit.dk\/?page_id=41","title":{"rendered":"RFID og RTLS"},"content":{"rendered":"<p>I vores terminologi omfatter RFID al automatisk identifikation af objekter, personer og lokationer, der sker\u00a0ved hj\u00e6lp af radiob\u00f8lger.<\/p>\n<p>Vi besk\u00e6ftiger os med aktiv og passiv RFID, Near Field Communication (NFC) og Real-Time Locating\u00a0Systems (RTLS) i alle forskellige varianter.<\/p>\n<p>Udbredelsen af teknologierne sker med stormskridt indenfor Supply Chain, logistik, detailhandel, produktion,\u00a0biblioteker, flyindustrien, hospitalsv\u00e6senet osv. osv. \u2013 og teknologierne giver signifikante fordele i\u00a0kombination med internetadgang og Smarte Devices (Smartphones, tablets osv.).<\/p>\n<p>&nbsp;<\/p>\n<h3><span style=\"text-decoration: underline;\"><strong><a href=\"http:\/\/granauit.dk\/wp-content\/uploads\/2017\/11\/Top-5-faldgruber-ved-RTLS-final.pdf\">Top-5 faldgruber\u00a0ved planl\u00e6gningen af et RTLS initiativ.<\/a><\/strong><\/span><\/h3>\n","protected":false},"excerpt":{"rendered":"<p>I vores terminologi omfatter RFID al automatisk identifikation af objekter, personer og lokationer, der sker\u00a0ved hj\u00e6lp af radiob\u00f8lger. Vi besk\u00e6ftiger os med aktiv og passiv RFID, Near Field Communication (NFC) og Real-Time Locating\u00a0Systems (RTLS) i alle forskellige varianter. Udbredelsen af teknologierne sker med stormskridt indenfor Supply Chain, logistik, detailhandel, produktion,\u00a0biblioteker, flyindustrien, hospitalsv\u00e6senet osv. osv. \u2013 [&hellip;]<\/p>\n","protected":false},"author":2,"featured_media":0,"parent":0,"menu_order":0,"comment_status":"open","ping_status":"open","template":"","meta":{"footnotes":""},"_links":{"self":[{"href":"https:\/\/granauit.dk\/index.php?rest_route=\/wp\/v2\/pages\/41"}],"collection":[{"href":"https:\/\/granauit.dk\/index.php?rest_route=\/wp\/v2\/pages"}],"about":[{"href":"https:\/\/granauit.dk\/index.php?rest_route=\/wp\/v2\/types\/page"}],"author":[{"embeddable":true,"href":"https:\/\/granauit.dk\/index.php?rest_route=\/wp\/v2\/users\/2"}],"replies":[{"embeddable":true,"href":"https:\/\/granauit.dk\/index.php?rest_route=%2Fwp%2Fv2%2Fcomments&post=41"}],"version-history":[{"count":7,"href":"https:\/\/granauit.dk\/index.php?rest_route=\/wp\/v2\/pages\/41\/revisions"}],"predecessor-version":[{"id":170,"href":"https:\/\/granauit.dk\/index.php?rest_route=\/wp\/v2\/pages\/41\/revisions\/170"}],"wp:attachment":[{"href":"https:\/\/granauit.dk\/index.php?rest_route=%2Fwp%2Fv2%2Fmedia&parent=41"}],"curies":[{"name":"wp","href":"https:\/\/api.w.org\/{rel}","templated":true}]}}