{"id":35,"date":"2013-11-14T10:46:50","date_gmt":"2013-11-14T10:46:50","guid":{"rendered":"http:\/\/granauit.dk\/?page_id=35"},"modified":"2013-11-14T10:46:50","modified_gmt":"2013-11-14T10:46:50","slug":"teknologi-og-innovation","status":"publish","type":"page","link":"https:\/\/granauit.dk\/?page_id=35","title":{"rendered":"Teknologi og innovation"},"content":{"rendered":"<p>Forretnings- og brugerdreven innovation og udvikling med anvendelse af smarte mobile devices kombineret med automatiseret identifikation<\/p>\n<p>\u2013 fra idegenerering over implementering og integration, og hele vejen frem til m\u00e5linger p\u00e5 opn\u00e5ede resultater.<\/p>\n<p>&nbsp;<\/p>\n<p style=\"text-align: center;\"><a href=\"http:\/\/granauit.dk\/wp-content\/uploads\/2013\/11\/innovation-billede.png\"><img loading=\"lazy\" decoding=\"async\" class=\"size-medium wp-image-39 aligncenter\" alt=\"innovation billede\" src=\"http:\/\/granauit.dk\/wp-content\/uploads\/2013\/11\/innovation-billede-300x225.png\" width=\"300\" height=\"225\" srcset=\"https:\/\/granauit.dk\/wp-content\/uploads\/2013\/11\/innovation-billede-300x225.png 300w, https:\/\/granauit.dk\/wp-content\/uploads\/2013\/11\/innovation-billede.png 960w\" sizes=\"(max-width: 300px) 100vw, 300px\" \/><\/a><\/p>\n","protected":false},"excerpt":{"rendered":"<p>Forretnings- og brugerdreven innovation og udvikling med anvendelse af smarte mobile devices kombineret med automatiseret identifikation \u2013 fra idegenerering over implementering og integration, og hele vejen frem til m\u00e5linger p\u00e5 opn\u00e5ede resultater. &nbsp;<\/p>\n","protected":false},"author":2,"featured_media":0,"parent":0,"menu_order":0,"comment_status":"open","ping_status":"open","template":"","meta":{"footnotes":""},"_links":{"self":[{"href":"https:\/\/granauit.dk\/index.php?rest_route=\/wp\/v2\/pages\/35"}],"collection":[{"href":"https:\/\/granauit.dk\/index.php?rest_route=\/wp\/v2\/pages"}],"about":[{"href":"https:\/\/granauit.dk\/index.php?rest_route=\/wp\/v2\/types\/page"}],"author":[{"embeddable":true,"href":"https:\/\/granauit.dk\/index.php?rest_route=\/wp\/v2\/users\/2"}],"replies":[{"embeddable":true,"href":"https:\/\/granauit.dk\/index.php?rest_route=%2Fwp%2Fv2%2Fcomments&post=35"}],"version-history":[{"count":3,"href":"https:\/\/granauit.dk\/index.php?rest_route=\/wp\/v2\/pages\/35\/revisions"}],"predecessor-version":[{"id":40,"href":"https:\/\/granauit.dk\/index.php?rest_route=\/wp\/v2\/pages\/35\/revisions\/40"}],"wp:attachment":[{"href":"https:\/\/granauit.dk\/index.php?rest_route=%2Fwp%2Fv2%2Fmedia&parent=35"}],"curies":[{"name":"wp","href":"https:\/\/api.w.org\/{rel}","templated":true}]}}