{"id":111,"date":"2013-11-14T12:26:29","date_gmt":"2013-11-14T12:26:29","guid":{"rendered":"http:\/\/granauit.dk\/?page_id=111"},"modified":"2017-11-08T12:31:55","modified_gmt":"2017-11-08T12:31:55","slug":"ydelser-3","status":"publish","type":"page","link":"https:\/\/granauit.dk\/?page_id=111","title":{"rendered":"Ydelser"},"content":{"rendered":"<p>Med mine unikke kompetencer kan jeg tilbyde jer:<\/p>\n<ul>\n<li>R\u00e5dgivning og sparring<\/li>\n<li>Bestyrelsesarbejde eller Advisory Board<\/li>\n<li>Introduktion, uddannelse, tr\u00e6ning og coaching<\/li>\n<li>Teknologi roadmap<\/li>\n<li>Salgsstrategi, Go-to-market strategi og plan<\/li>\n<li>Analyser, Business cases, teknologi-valg<\/li>\n<li>Teknologivurdering\/evaluering<\/li>\n<li>Kravspecifikation, udbud og leverand\u00f8rvalg<\/li>\n<li>Forretningsudvikling<\/li>\n<li>Markedsanalyser og markedsoverv\u00e5gning<\/li>\n<li>Feasibility studies<\/li>\n<\/ul>\n<h3><span style=\"text-decoration: underline;\"><a href=\"http:\/\/granauit.dk\/wp-content\/uploads\/2017\/11\/Top-5-faldgruber-ved-RTLS-final.pdf\">Top-5 faldgruber ved planl\u00e6gningen af et RTLS initiativ<\/a><\/span><\/h3>\n","protected":false},"excerpt":{"rendered":"<p>Med mine unikke kompetencer kan jeg tilbyde jer: R\u00e5dgivning og sparring Bestyrelsesarbejde eller Advisory Board Introduktion, uddannelse, tr\u00e6ning og coaching Teknologi roadmap Salgsstrategi, Go-to-market strategi og plan Analyser, Business cases, teknologi-valg Teknologivurdering\/evaluering Kravspecifikation, udbud og leverand\u00f8rvalg Forretningsudvikling Markedsanalyser og markedsoverv\u00e5gning Feasibility studies Top-5 faldgruber ved planl\u00e6gningen af et RTLS initiativ<\/p>\n","protected":false},"author":2,"featured_media":0,"parent":0,"menu_order":0,"comment_status":"open","ping_status":"open","template":"","meta":{"footnotes":""},"_links":{"self":[{"href":"https:\/\/granauit.dk\/index.php?rest_route=\/wp\/v2\/pages\/111"}],"collection":[{"href":"https:\/\/granauit.dk\/index.php?rest_route=\/wp\/v2\/pages"}],"about":[{"href":"https:\/\/granauit.dk\/index.php?rest_route=\/wp\/v2\/types\/page"}],"author":[{"embeddable":true,"href":"https:\/\/granauit.dk\/index.php?rest_route=\/wp\/v2\/users\/2"}],"replies":[{"embeddable":true,"href":"https:\/\/granauit.dk\/index.php?rest_route=%2Fwp%2Fv2%2Fcomments&post=111"}],"version-history":[{"count":5,"href":"https:\/\/granauit.dk\/index.php?rest_route=\/wp\/v2\/pages\/111\/revisions"}],"predecessor-version":[{"id":191,"href":"https:\/\/granauit.dk\/index.php?rest_route=\/wp\/v2\/pages\/111\/revisions\/191"}],"wp:attachment":[{"href":"https:\/\/granauit.dk\/index.php?rest_route=%2Fwp%2Fv2%2Fmedia&parent=111"}],"curies":[{"name":"wp","href":"https:\/\/api.w.org\/{rel}","templated":true}]}}